{"id":99,"date":"2021-10-28T11:18:48","date_gmt":"2021-10-28T11:18:48","guid":{"rendered":"http:\/\/www.ocmritarikunta.fi\/?page_id=99"},"modified":"2022-02-14T15:05:30","modified_gmt":"2022-02-14T15:05:30","slug":"muu-toiminta","status":"publish","type":"page","link":"https:\/\/www.ocmritarikunta.fi\/index.php\/ritarikunta\/muu-toiminta\/","title":{"rendered":"Muu toiminta"},"content":{"rendered":"\n<p>Ritarikunnan Suomen Eksarkaatin vuotuiset ritarip\u00e4iv\u00e4t j\u00e4rjestet\u00e4\u00e4n toukokuussa l\u00e4hell\u00e4 Konstantinuksen p\u00e4iv\u00e4\u00e4. Juhlava ritaripromootio ja mielenkiintoinen ohjelma muodostavat l\u00e4mminhenkisen, ritareita puolisoineen l\u00e4hent\u00e4v\u00e4n, vuoden toiminnan kohokohdan. Joka kolmas vuosi j\u00e4rjestet\u00e4\u00e4n kansainv\u00e4linen Convention vuoroittain eri maissa.<\/p>\n","protected":false},"excerpt":{"rendered":"<p>Ritarikunnan Suomen Eksarkaatin vuotuiset ritarip\u00e4iv\u00e4t j\u00e4rjestet\u00e4\u00e4n toukokuussa l\u00e4hell\u00e4 Konstantinuksen p\u00e4iv\u00e4\u00e4. Juhlava ritaripromootio ja mielenkiintoinen ohjelma muodostavat l\u00e4mminhenkisen, ritareita puolisoineen l\u00e4hent\u00e4v\u00e4n, vuoden toiminnan kohokohdan. Joka kolmas vuosi j\u00e4rjestet\u00e4\u00e4n kansainv\u00e4linen Convention vuoroittain eri maissa.<\/p>\n","protected":false},"author":1,"featured_media":0,"parent":12,"menu_order":0,"comment_status":"closed","ping_status":"closed","template":"","meta":{"footnotes":""},"class_list":["post-99","page","type-page","status-publish","hentry"],"_links":{"self":[{"href":"https:\/\/www.ocmritarikunta.fi\/index.php\/wp-json\/wp\/v2\/pages\/99","targetHints":{"allow":["GET"]}}],"collection":[{"href":"https:\/\/www.ocmritarikunta.fi\/index.php\/wp-json\/wp\/v2\/pages"}],"about":[{"href":"https:\/\/www.ocmritarikunta.fi\/index.php\/wp-json\/wp\/v2\/types\/page"}],"author":[{"embeddable":true,"href":"https:\/\/www.ocmritarikunta.fi\/index.php\/wp-json\/wp\/v2\/users\/1"}],"replies":[{"embeddable":true,"href":"https:\/\/www.ocmritarikunta.fi\/index.php\/wp-json\/wp\/v2\/comments?post=99"}],"version-history":[{"count":3,"href":"https:\/\/www.ocmritarikunta.fi\/index.php\/wp-json\/wp\/v2\/pages\/99\/revisions"}],"predecessor-version":[{"id":175,"href":"https:\/\/www.ocmritarikunta.fi\/index.php\/wp-json\/wp\/v2\/pages\/99\/revisions\/175"}],"up":[{"embeddable":true,"href":"https:\/\/www.ocmritarikunta.fi\/index.php\/wp-json\/wp\/v2\/pages\/12"}],"wp:attachment":[{"href":"https:\/\/www.ocmritarikunta.fi\/index.php\/wp-json\/wp\/v2\/media?parent=99"}],"curies":[{"name":"wp","href":"https:\/\/api.w.org\/{rel}","templated":true}]}}