{"id":97,"date":"2021-10-28T11:18:31","date_gmt":"2021-10-28T11:18:31","guid":{"rendered":"http:\/\/www.ocmritarikunta.fi\/?page_id=97"},"modified":"2022-02-17T12:55:02","modified_gmt":"2022-02-17T12:55:02","slug":"anna-nuorelle-tulevaisuus","status":"publish","type":"page","link":"https:\/\/www.ocmritarikunta.fi\/index.php\/ritarikunta\/humanitaarinen-toiminta\/anna-nuorelle-tulevaisuus\/","title":{"rendered":"Anna Nuorelle Tulevaisuus"},"content":{"rendered":"\n<ul class=\"wp-block-list\"><li>Syksyll\u00e4 2008 koko Suomen kansaa kohahdutti Kauhajoen koulusurma. Samana iltana Konstantinus Suuren Ritarikunnan Varsinais-Suomen yhdistyksen j\u00e4senet kokoontuivat ritari-iltaan Turussa hotelli Helmen kahvioon. Tuo ilta muodostui alkusys\u00e4ykseksi seminaariin. Kysyimme, mik\u00e4 nuoria vaivaa, mik\u00e4 yhteiskunnassa on vialla ja mit\u00e4 pit\u00e4isi tehd\u00e4?<\/li><li>Ajatus j\u00e4i it\u00e4m\u00e4\u00e4n ja kypsyi ajatus j\u00e4rjest\u00e4\u00e4 aiheesta seminaari, jossa k\u00e4sitell\u00e4\u00e4n lasten ja nuorten hyvinvointiin ja syrj\u00e4ytymiseen kuuluvia asioita. Halusimme koota yhteen kaikki t\u00e4rke\u00e4t asiaan vaikuttavat tahot pyrkimyksen\u00e4 n\u00e4in luoda vuorovaikutusta eri toimijatahojen v\u00e4lill\u00e4. Alustajiksi halusimme kunkin toimialan mahdollisimman korkean viranomaisen tai asiantuntijan.<\/li><li>Seminaari oli osa Euroopan Unionin K\u00f6yhyyden ja syrj\u00e4ytymisen teemavuoden 2010 Suomen ohjelmaa.<\/li><li>L\u00e4hes kaikilla Suomen komtuurioilla on Anna Nuorelle Tulevaisuus -ohjelmaan liittyvi\u00e4 hankkeita tai projekteja.<\/li><\/ul>\n","protected":false},"excerpt":{"rendered":"<p>Syksyll\u00e4 2008 koko Suomen kansaa kohahdutti Kauhajoen koulusurma. Samana iltana Konstantinus Suuren Ritarikunnan Varsinais-Suomen yhdistyksen j\u00e4senet kokoontuivat ritari-iltaan Turussa hotelli Helmen kahvioon. Tuo ilta muodostui alkusys\u00e4ykseksi seminaariin. Kysyimme, mik\u00e4 nuoria vaivaa, mik\u00e4 yhteiskunnassa on vialla ja mit\u00e4 pit\u00e4isi tehd\u00e4? Ajatus j\u00e4i it\u00e4m\u00e4\u00e4n ja kypsyi ajatus j\u00e4rjest\u00e4\u00e4 aiheesta seminaari, jossa k\u00e4sitell\u00e4\u00e4n lasten ja nuorten hyvinvointiin ja [&hellip;]<\/p>\n","protected":false},"author":1,"featured_media":0,"parent":95,"menu_order":0,"comment_status":"closed","ping_status":"closed","template":"","meta":{"footnotes":""},"class_list":["post-97","page","type-page","status-publish","hentry"],"_links":{"self":[{"href":"https:\/\/www.ocmritarikunta.fi\/index.php\/wp-json\/wp\/v2\/pages\/97","targetHints":{"allow":["GET"]}}],"collection":[{"href":"https:\/\/www.ocmritarikunta.fi\/index.php\/wp-json\/wp\/v2\/pages"}],"about":[{"href":"https:\/\/www.ocmritarikunta.fi\/index.php\/wp-json\/wp\/v2\/types\/page"}],"author":[{"embeddable":true,"href":"https:\/\/www.ocmritarikunta.fi\/index.php\/wp-json\/wp\/v2\/users\/1"}],"replies":[{"embeddable":true,"href":"https:\/\/www.ocmritarikunta.fi\/index.php\/wp-json\/wp\/v2\/comments?post=97"}],"version-history":[{"count":2,"href":"https:\/\/www.ocmritarikunta.fi\/index.php\/wp-json\/wp\/v2\/pages\/97\/revisions"}],"predecessor-version":[{"id":191,"href":"https:\/\/www.ocmritarikunta.fi\/index.php\/wp-json\/wp\/v2\/pages\/97\/revisions\/191"}],"up":[{"embeddable":true,"href":"https:\/\/www.ocmritarikunta.fi\/index.php\/wp-json\/wp\/v2\/pages\/95"}],"wp:attachment":[{"href":"https:\/\/www.ocmritarikunta.fi\/index.php\/wp-json\/wp\/v2\/media?parent=97"}],"curies":[{"name":"wp","href":"https:\/\/api.w.org\/{rel}","templated":true}]}}