{"id":95,"date":"2021-10-28T11:18:02","date_gmt":"2021-10-28T11:18:02","guid":{"rendered":"http:\/\/www.ocmritarikunta.fi\/?page_id=95"},"modified":"2025-09-15T12:45:58","modified_gmt":"2025-09-15T12:45:58","slug":"humanitaarinen-toiminta","status":"publish","type":"page","link":"https:\/\/www.ocmritarikunta.fi\/index.php\/ritarikunta\/humanitaarinen-toiminta\/","title":{"rendered":"Humanit\u00e4\u00e4rinen toiminta"},"content":{"rendered":"\n<p>Komturiat harjoittavat alueellaan avustustoimintaa omien p\u00e4\u00e4t\u00f6stens\u00e4 mukaisesti.<\/p>\n\n\n\n<p>Yhteisi\u00e4 koko eksarkaattia koskevaa toimintaa ovat:<\/p>\n\n\n\n<ul class=\"wp-block-list\">\n<li>OCM &#8211; Anna Nuorelle tulevaisuus -rahasto\n<ul class=\"wp-block-list\">\n<li>Eksarkaatti perusti Anna Nuorelle Tulevaisuus -rahaston 2024. Rahaston tarkoituksena on tukea hankkeita ja ideoita, joilla voidaan ehk\u00e4ist\u00e4 nuorten syrj\u00e4ytymist\u00e4.<\/li>\n<\/ul>\n<\/li>\n\n\n\n<li>Ukrainan tuki\n<ul class=\"wp-block-list\">\n<li>Eksarkaattineuvostossa p\u00e4\u00e4tettiin, ett\u00e4 Pohjois-Suomen komturia toimii Ukrainan avun koordinaattorian.<\/li>\n<\/ul>\n<\/li>\n<\/ul>\n","protected":false},"excerpt":{"rendered":"<p>Komturiat harjoittavat alueellaan avustustoimintaa omien p\u00e4\u00e4t\u00f6stens\u00e4 mukaisesti. Yhteisi\u00e4 koko eksarkaattia koskevaa toimintaa ovat:<\/p>\n","protected":false},"author":1,"featured_media":0,"parent":12,"menu_order":0,"comment_status":"closed","ping_status":"closed","template":"","meta":{"footnotes":""},"class_list":["post-95","page","type-page","status-publish","hentry"],"_links":{"self":[{"href":"https:\/\/www.ocmritarikunta.fi\/index.php\/wp-json\/wp\/v2\/pages\/95","targetHints":{"allow":["GET"]}}],"collection":[{"href":"https:\/\/www.ocmritarikunta.fi\/index.php\/wp-json\/wp\/v2\/pages"}],"about":[{"href":"https:\/\/www.ocmritarikunta.fi\/index.php\/wp-json\/wp\/v2\/types\/page"}],"author":[{"embeddable":true,"href":"https:\/\/www.ocmritarikunta.fi\/index.php\/wp-json\/wp\/v2\/users\/1"}],"replies":[{"embeddable":true,"href":"https:\/\/www.ocmritarikunta.fi\/index.php\/wp-json\/wp\/v2\/comments?post=95"}],"version-history":[{"count":3,"href":"https:\/\/www.ocmritarikunta.fi\/index.php\/wp-json\/wp\/v2\/pages\/95\/revisions"}],"predecessor-version":[{"id":536,"href":"https:\/\/www.ocmritarikunta.fi\/index.php\/wp-json\/wp\/v2\/pages\/95\/revisions\/536"}],"up":[{"embeddable":true,"href":"https:\/\/www.ocmritarikunta.fi\/index.php\/wp-json\/wp\/v2\/pages\/12"}],"wp:attachment":[{"href":"https:\/\/www.ocmritarikunta.fi\/index.php\/wp-json\/wp\/v2\/media?parent=95"}],"curies":[{"name":"wp","href":"https:\/\/api.w.org\/{rel}","templated":true}]}}