{"id":93,"date":"2021-10-28T11:17:40","date_gmt":"2021-10-28T11:17:40","guid":{"rendered":"http:\/\/www.ocmritarikunta.fi\/?page_id=93"},"modified":"2025-04-03T13:45:09","modified_gmt":"2025-04-03T13:45:09","slug":"pyhiinvaellus","status":"publish","type":"page","link":"https:\/\/www.ocmritarikunta.fi\/index.php\/ritarikunta\/ekumenia\/pyhiinvaellus\/","title":{"rendered":"Pyhiinvaellus"},"content":{"rendered":"\n<p>Ritarikunta kannustaa j\u00e4seni\u00e4\u00e4n osallistumaan pyhiinvaelluksiin. Vuoden 2025 aikana on mahdollisuus osallistua mm. Pyh\u00e4n Henrikin pyhiinvaellukseen kes\u00e4kuussa.<\/p>\n","protected":false},"excerpt":{"rendered":"<p>Ritarikunta kannustaa j\u00e4seni\u00e4\u00e4n osallistumaan pyhiinvaelluksiin. Vuoden 2025 aikana on mahdollisuus osallistua mm. Pyh\u00e4n Henrikin pyhiinvaellukseen kes\u00e4kuussa.<\/p>\n","protected":false},"author":1,"featured_media":0,"parent":81,"menu_order":0,"comment_status":"closed","ping_status":"closed","template":"","meta":{"footnotes":""},"class_list":["post-93","page","type-page","status-publish","hentry"],"_links":{"self":[{"href":"https:\/\/www.ocmritarikunta.fi\/index.php\/wp-json\/wp\/v2\/pages\/93","targetHints":{"allow":["GET"]}}],"collection":[{"href":"https:\/\/www.ocmritarikunta.fi\/index.php\/wp-json\/wp\/v2\/pages"}],"about":[{"href":"https:\/\/www.ocmritarikunta.fi\/index.php\/wp-json\/wp\/v2\/types\/page"}],"author":[{"embeddable":true,"href":"https:\/\/www.ocmritarikunta.fi\/index.php\/wp-json\/wp\/v2\/users\/1"}],"replies":[{"embeddable":true,"href":"https:\/\/www.ocmritarikunta.fi\/index.php\/wp-json\/wp\/v2\/comments?post=93"}],"version-history":[{"count":3,"href":"https:\/\/www.ocmritarikunta.fi\/index.php\/wp-json\/wp\/v2\/pages\/93\/revisions"}],"predecessor-version":[{"id":493,"href":"https:\/\/www.ocmritarikunta.fi\/index.php\/wp-json\/wp\/v2\/pages\/93\/revisions\/493"}],"up":[{"embeddable":true,"href":"https:\/\/www.ocmritarikunta.fi\/index.php\/wp-json\/wp\/v2\/pages\/81"}],"wp:attachment":[{"href":"https:\/\/www.ocmritarikunta.fi\/index.php\/wp-json\/wp\/v2\/media?parent=93"}],"curies":[{"name":"wp","href":"https:\/\/api.w.org\/{rel}","templated":true}]}}