{"id":89,"date":"2021-10-28T11:17:04","date_gmt":"2021-10-28T11:17:04","guid":{"rendered":"http:\/\/www.ocmritarikunta.fi\/?page_id=89"},"modified":"2025-05-23T13:40:06","modified_gmt":"2025-05-23T13:40:06","slug":"aimo-t-nikulainen-stipendi","status":"publish","type":"page","link":"https:\/\/www.ocmritarikunta.fi\/index.php\/ritarikunta\/ekumenia\/aimo-t-nikulainen-stipendi\/","title":{"rendered":"Aimo T. Nikolainen stipendi"},"content":{"rendered":"\n<p>OCM \u2013 Suomen Konstantinus Yhdistys ry perusti vuonna 1997 emeritus piispa Aimo T. Nikolaisen rahaston. Rahaston tarkoituksena on tukea L\u00e4hi-It\u00e4\u00e4n liittyv\u00e4\u00e4 teologista tutkimusta. Rahasto my\u00f6nt\u00e4\u00e4 stipendin yhteist\u00f6ss\u00e4 Suomen L\u00e4hi-Id\u00e4n Instituutin kanssa, joka toinen vuosi. Stipendin suuruus on 3 300 euroa.<\/p>\n\n\n\n<p>Saajat:<\/p>\n\n\n\n<p>1998 &nbsp;&nbsp;&nbsp;&nbsp;&nbsp;&nbsp;&nbsp;&nbsp;&nbsp;&nbsp;&nbsp;&nbsp;&nbsp;&nbsp;&nbsp; TM Jussi Holopainen<\/p>\n\n\n\n<p>1999 &nbsp;&nbsp;&nbsp;&nbsp;&nbsp;&nbsp;&nbsp;&nbsp;&nbsp;&nbsp;&nbsp;&nbsp;&nbsp;&nbsp;&nbsp; TM Maria Lepp\u00e4kari<\/p>\n\n\n\n<p>2000 &nbsp;&nbsp;&nbsp;&nbsp;&nbsp;&nbsp;&nbsp;&nbsp;&nbsp;&nbsp;&nbsp;&nbsp;&nbsp;&nbsp;&nbsp; TM G\u00f6ran \u00c5strand<\/p>\n\n\n\n<p>2001 &nbsp;&nbsp;&nbsp;&nbsp;&nbsp;&nbsp;&nbsp;&nbsp;&nbsp;&nbsp;&nbsp;&nbsp;&nbsp;&nbsp;&nbsp; TT Paul Hassen tutkijaryhm\u00e4<\/p>\n\n\n\n<p>2002&nbsp;&nbsp;&nbsp;&nbsp;&nbsp;&nbsp;&nbsp;&nbsp;&nbsp;&nbsp;&nbsp;&nbsp;&nbsp;&nbsp;&nbsp;&nbsp; FM Johannes Pulkkanen<\/p>\n\n\n\n<p>2003 &nbsp;&nbsp;&nbsp;&nbsp;&nbsp;&nbsp;&nbsp;&nbsp;&nbsp;&nbsp;&nbsp;&nbsp;&nbsp;&nbsp;&nbsp; Stipendi\u00e4 ei jaettu<\/p>\n\n\n\n<p>2004 &nbsp;&nbsp;&nbsp;&nbsp;&nbsp;&nbsp;&nbsp;&nbsp;&nbsp;&nbsp;&nbsp;&nbsp;&nbsp;&nbsp;&nbsp; TM Ari Ojell<\/p>\n\n\n\n<p>2006 &nbsp;&nbsp;&nbsp;&nbsp;&nbsp;&nbsp;&nbsp;&nbsp;&nbsp;&nbsp;&nbsp;&nbsp;&nbsp;&nbsp;&nbsp; TM Mari-Anna P\u00f6ntinen. Stipendin suuruus oli 8 000 euroa, <\/p>\n\n\n\n<p>                         kun Aimo T. Nikolaisen hautajaisten muistorahat liitettiin stipendiin<\/p>\n\n\n\n<p>2008 &nbsp;&nbsp;&nbsp;&nbsp;&nbsp;&nbsp;&nbsp;&nbsp;&nbsp;&nbsp;&nbsp;&nbsp;&nbsp;&nbsp;&nbsp; FT Tuomas Martikainen<\/p>\n\n\n\n<p>2010&nbsp;&nbsp;&nbsp;&nbsp;&nbsp;&nbsp;&nbsp;&nbsp;&nbsp;&nbsp;&nbsp;&nbsp;&nbsp;&nbsp;&nbsp;&nbsp; TM Antti Laine<\/p>\n\n\n\n<p>2012 &nbsp;&nbsp;&nbsp;&nbsp;&nbsp;&nbsp;&nbsp;&nbsp;&nbsp;&nbsp;&nbsp;&nbsp;&nbsp;&nbsp;&nbsp; TM Kalle Hiltunen<\/p>\n\n\n\n<p>2014 &nbsp;&nbsp;&nbsp;&nbsp;&nbsp;&nbsp;&nbsp;&nbsp;&nbsp;&nbsp;&nbsp;&nbsp;&nbsp;&nbsp;&nbsp; TT Juho Sankamo.<\/p>\n\n\n\n<p>2016 &nbsp;&nbsp;&nbsp;&nbsp;&nbsp;&nbsp;&nbsp;&nbsp;&nbsp;&nbsp;&nbsp;&nbsp;&nbsp;&nbsp;&nbsp; TM Laura Arikka<\/p>\n\n\n\n<p>2018&nbsp; &nbsp;&nbsp;&nbsp;&nbsp;&nbsp;&nbsp;&nbsp;&nbsp;&nbsp;&nbsp;&nbsp;&nbsp;&nbsp;&nbsp; TT Panu Pihkala<\/p>\n\n\n\n<p>2020&nbsp; &nbsp;&nbsp;&nbsp;&nbsp;&nbsp;&nbsp;&nbsp;&nbsp;&nbsp;&nbsp;&nbsp;&nbsp;&nbsp;&nbsp; TT Emil Anton<\/p>\n\n\n\n<p>2022&nbsp; &nbsp;&nbsp;&nbsp;&nbsp;&nbsp;&nbsp;&nbsp;&nbsp;&nbsp;&nbsp;&nbsp;&nbsp;&nbsp;&nbsp; TM Tapio Leinonen<\/p>\n\n\n\n<p>2024                 TM Anne Heikkinen<\/p>\n","protected":false},"excerpt":{"rendered":"<p>OCM \u2013 Suomen Konstantinus Yhdistys ry perusti vuonna 1997 emeritus piispa Aimo T. Nikolaisen rahaston. Rahaston tarkoituksena on tukea L\u00e4hi-It\u00e4\u00e4n liittyv\u00e4\u00e4 teologista tutkimusta. Rahasto my\u00f6nt\u00e4\u00e4 stipendin yhteist\u00f6ss\u00e4 Suomen L\u00e4hi-Id\u00e4n Instituutin kanssa, joka toinen vuosi. Stipendin suuruus on 3 300 euroa. Saajat: 1998 &nbsp;&nbsp;&nbsp;&nbsp;&nbsp;&nbsp;&nbsp;&nbsp;&nbsp;&nbsp;&nbsp;&nbsp;&nbsp;&nbsp;&nbsp; TM Jussi Holopainen 1999 &nbsp;&nbsp;&nbsp;&nbsp;&nbsp;&nbsp;&nbsp;&nbsp;&nbsp;&nbsp;&nbsp;&nbsp;&nbsp;&nbsp;&nbsp; TM Maria Lepp\u00e4kari 2000 &nbsp;&nbsp;&nbsp;&nbsp;&nbsp;&nbsp;&nbsp;&nbsp;&nbsp;&nbsp;&nbsp;&nbsp;&nbsp;&nbsp;&nbsp; TM G\u00f6ran [&hellip;]<\/p>\n","protected":false},"author":1,"featured_media":0,"parent":81,"menu_order":0,"comment_status":"closed","ping_status":"closed","template":"","meta":{"footnotes":""},"class_list":["post-89","page","type-page","status-publish","hentry"],"_links":{"self":[{"href":"https:\/\/www.ocmritarikunta.fi\/index.php\/wp-json\/wp\/v2\/pages\/89","targetHints":{"allow":["GET"]}}],"collection":[{"href":"https:\/\/www.ocmritarikunta.fi\/index.php\/wp-json\/wp\/v2\/pages"}],"about":[{"href":"https:\/\/www.ocmritarikunta.fi\/index.php\/wp-json\/wp\/v2\/types\/page"}],"author":[{"embeddable":true,"href":"https:\/\/www.ocmritarikunta.fi\/index.php\/wp-json\/wp\/v2\/users\/1"}],"replies":[{"embeddable":true,"href":"https:\/\/www.ocmritarikunta.fi\/index.php\/wp-json\/wp\/v2\/comments?post=89"}],"version-history":[{"count":7,"href":"https:\/\/www.ocmritarikunta.fi\/index.php\/wp-json\/wp\/v2\/pages\/89\/revisions"}],"predecessor-version":[{"id":521,"href":"https:\/\/www.ocmritarikunta.fi\/index.php\/wp-json\/wp\/v2\/pages\/89\/revisions\/521"}],"up":[{"embeddable":true,"href":"https:\/\/www.ocmritarikunta.fi\/index.php\/wp-json\/wp\/v2\/pages\/81"}],"wp:attachment":[{"href":"https:\/\/www.ocmritarikunta.fi\/index.php\/wp-json\/wp\/v2\/media?parent=89"}],"curies":[{"name":"wp","href":"https:\/\/api.w.org\/{rel}","templated":true}]}}