{"id":81,"date":"2021-10-28T11:15:17","date_gmt":"2021-10-28T11:15:17","guid":{"rendered":"http:\/\/www.ocmritarikunta.fi\/?page_id=81"},"modified":"2022-03-31T14:50:22","modified_gmt":"2022-03-31T14:50:22","slug":"ekumenia","status":"publish","type":"page","link":"https:\/\/www.ocmritarikunta.fi\/index.php\/ritarikunta\/ekumenia\/","title":{"rendered":"Ekumenia"},"content":{"rendered":"\n<p>Ritarikunta tukee humanit\u00e4\u00e4rist\u00e4 ty\u00f6t\u00e4\u00e4n kahdella tasolla. Valtaosa vuotuisista j\u00e4senmaksuista kanavoidaan Aleksandrian Patriarkaatin kautta Afrikan h\u00e4d\u00e4nalaisten, l\u00e4hinn\u00e4 lasten auttamiseen. T\u00e4m\u00e4n lis\u00e4ksi ritarikunnan eri maiden eksarkaatit ja niiden komturiat tekev\u00e4t avustusty\u00f6t\u00e4 omalla tahollaan.<\/p>\n\n\n\n<p>Suomen Eksarkaatti ja sen komturiat ovat mukana mm. ty\u00f6ss\u00e4 syrj\u00e4ytymisen ehk\u00e4isemiseksi Anna nuorelle tulevaisuus-ohjelmallaan.<\/p>\n\n\n\n<p>Suomen Eksarkaatin ekumeenisen ty\u00f6n yksi peruskivi on Aimo T. Nikolainen-stipendi. N\u00e4it\u00e4 stipendej\u00e4 on jaettu akateemisille tutkijoille vuodesta 1998 l\u00e4htien.<\/p>\n","protected":false},"excerpt":{"rendered":"<p>Ritarikunta tukee humanit\u00e4\u00e4rist\u00e4 ty\u00f6t\u00e4\u00e4n kahdella tasolla. Valtaosa vuotuisista j\u00e4senmaksuista kanavoidaan Aleksandrian Patriarkaatin kautta Afrikan h\u00e4d\u00e4nalaisten, l\u00e4hinn\u00e4 lasten auttamiseen. T\u00e4m\u00e4n lis\u00e4ksi ritarikunnan eri maiden eksarkaatit ja niiden komturiat tekev\u00e4t avustusty\u00f6t\u00e4 omalla tahollaan. Suomen Eksarkaatti ja sen komturiat ovat mukana mm. ty\u00f6ss\u00e4 syrj\u00e4ytymisen ehk\u00e4isemiseksi Anna nuorelle tulevaisuus-ohjelmallaan. Suomen Eksarkaatin ekumeenisen ty\u00f6n yksi peruskivi on Aimo T. Nikolainen-stipendi. [&hellip;]<\/p>\n","protected":false},"author":1,"featured_media":0,"parent":12,"menu_order":0,"comment_status":"closed","ping_status":"closed","template":"","meta":{"footnotes":""},"class_list":["post-81","page","type-page","status-publish","hentry"],"_links":{"self":[{"href":"https:\/\/www.ocmritarikunta.fi\/index.php\/wp-json\/wp\/v2\/pages\/81","targetHints":{"allow":["GET"]}}],"collection":[{"href":"https:\/\/www.ocmritarikunta.fi\/index.php\/wp-json\/wp\/v2\/pages"}],"about":[{"href":"https:\/\/www.ocmritarikunta.fi\/index.php\/wp-json\/wp\/v2\/types\/page"}],"author":[{"embeddable":true,"href":"https:\/\/www.ocmritarikunta.fi\/index.php\/wp-json\/wp\/v2\/users\/1"}],"replies":[{"embeddable":true,"href":"https:\/\/www.ocmritarikunta.fi\/index.php\/wp-json\/wp\/v2\/comments?post=81"}],"version-history":[{"count":3,"href":"https:\/\/www.ocmritarikunta.fi\/index.php\/wp-json\/wp\/v2\/pages\/81\/revisions"}],"predecessor-version":[{"id":242,"href":"https:\/\/www.ocmritarikunta.fi\/index.php\/wp-json\/wp\/v2\/pages\/81\/revisions\/242"}],"up":[{"embeddable":true,"href":"https:\/\/www.ocmritarikunta.fi\/index.php\/wp-json\/wp\/v2\/pages\/12"}],"wp:attachment":[{"href":"https:\/\/www.ocmritarikunta.fi\/index.php\/wp-json\/wp\/v2\/media?parent=81"}],"curies":[{"name":"wp","href":"https:\/\/api.w.org\/{rel}","templated":true}]}}