{"id":79,"date":"2021-10-28T11:14:34","date_gmt":"2021-10-28T11:14:34","guid":{"rendered":"http:\/\/www.ocmritarikunta.fi\/?page_id=79"},"modified":"2021-10-28T13:46:34","modified_gmt":"2021-10-28T13:46:34","slug":"sitoutuminen","status":"publish","type":"page","link":"https:\/\/www.ocmritarikunta.fi\/index.php\/ritarikunta\/ritarius\/sitoutuminen\/","title":{"rendered":"Sitoutuminen"},"content":{"rendered":"\n<p>Ritarikunnan toiminta tapahtuu kansallisen eksarkaatin ja sen alueyhdistysten, komtuurioiden piiriss\u00e4. Ne j\u00e4rjest\u00e4v\u00e4t j\u00e4senilleen ja sidosryhmilleen erilaisia tilaisuuksia ja toimintoja.<\/p>\n","protected":false},"excerpt":{"rendered":"<p>Ritarikunnan toiminta tapahtuu kansallisen eksarkaatin ja sen alueyhdistysten, komtuurioiden piiriss\u00e4. Ne j\u00e4rjest\u00e4v\u00e4t j\u00e4senilleen ja sidosryhmilleen erilaisia tilaisuuksia ja toimintoja.<\/p>\n","protected":false},"author":1,"featured_media":0,"parent":73,"menu_order":0,"comment_status":"closed","ping_status":"closed","template":"","meta":{"footnotes":""},"class_list":["post-79","page","type-page","status-publish","hentry"],"_links":{"self":[{"href":"https:\/\/www.ocmritarikunta.fi\/index.php\/wp-json\/wp\/v2\/pages\/79","targetHints":{"allow":["GET"]}}],"collection":[{"href":"https:\/\/www.ocmritarikunta.fi\/index.php\/wp-json\/wp\/v2\/pages"}],"about":[{"href":"https:\/\/www.ocmritarikunta.fi\/index.php\/wp-json\/wp\/v2\/types\/page"}],"author":[{"embeddable":true,"href":"https:\/\/www.ocmritarikunta.fi\/index.php\/wp-json\/wp\/v2\/users\/1"}],"replies":[{"embeddable":true,"href":"https:\/\/www.ocmritarikunta.fi\/index.php\/wp-json\/wp\/v2\/comments?post=79"}],"version-history":[{"count":2,"href":"https:\/\/www.ocmritarikunta.fi\/index.php\/wp-json\/wp\/v2\/pages\/79\/revisions"}],"predecessor-version":[{"id":156,"href":"https:\/\/www.ocmritarikunta.fi\/index.php\/wp-json\/wp\/v2\/pages\/79\/revisions\/156"}],"up":[{"embeddable":true,"href":"https:\/\/www.ocmritarikunta.fi\/index.php\/wp-json\/wp\/v2\/pages\/73"}],"wp:attachment":[{"href":"https:\/\/www.ocmritarikunta.fi\/index.php\/wp-json\/wp\/v2\/media?parent=79"}],"curies":[{"name":"wp","href":"https:\/\/api.w.org\/{rel}","templated":true}]}}