{"id":77,"date":"2021-10-28T11:14:23","date_gmt":"2021-10-28T11:14:23","guid":{"rendered":"http:\/\/www.ocmritarikunta.fi\/?page_id=77"},"modified":"2021-10-28T13:45:49","modified_gmt":"2021-10-28T13:45:49","slug":"ritarilupaus","status":"publish","type":"page","link":"https:\/\/www.ocmritarikunta.fi\/index.php\/ritarikunta\/ritarius\/ritarilupaus\/","title":{"rendered":"Ritarilupaus"},"content":{"rendered":"\n<p>Ritarikokelaan antama ritarilupaus velvoittaa h\u00e4nt\u00e4 ritarikunnan tunnushenkil\u00f6n Konstantinus Suuren hengess\u00e4 mm.<\/p>\n\n\n\n<ul class=\"wp-block-list\"><li>rakastamaan ja tukemaan kanssaihmisi\u00e4\u00e4n<\/li><li>tekem\u00e4\u00e4n hyvi\u00e4 t\u00f6it\u00e4 voimiensa mukaan<\/li><li>laajentamaan ekumeenista yhteisymm\u00e4rryst\u00e4 kirkkokuntien kesken<\/li><li>edist\u00e4m\u00e4\u00e4n kristillishumaanista suvaitsevaisuutta rauhan ja oikeudenmukaisuuden saavuttamiseksi kansalaisten, kansakuntien ja rotujen kesken.<\/li><\/ul>\n","protected":false},"excerpt":{"rendered":"<p>Ritarikokelaan antama ritarilupaus velvoittaa h\u00e4nt\u00e4 ritarikunnan tunnushenkil\u00f6n Konstantinus Suuren hengess\u00e4 mm. rakastamaan ja tukemaan kanssaihmisi\u00e4\u00e4n tekem\u00e4\u00e4n hyvi\u00e4 t\u00f6it\u00e4 voimiensa mukaan laajentamaan ekumeenista yhteisymm\u00e4rryst\u00e4 kirkkokuntien kesken edist\u00e4m\u00e4\u00e4n kristillishumaanista suvaitsevaisuutta rauhan ja oikeudenmukaisuuden saavuttamiseksi kansalaisten, kansakuntien ja rotujen kesken.<\/p>\n","protected":false},"author":1,"featured_media":0,"parent":73,"menu_order":0,"comment_status":"closed","ping_status":"closed","template":"","meta":{"footnotes":""},"class_list":["post-77","page","type-page","status-publish","hentry"],"_links":{"self":[{"href":"https:\/\/www.ocmritarikunta.fi\/index.php\/wp-json\/wp\/v2\/pages\/77","targetHints":{"allow":["GET"]}}],"collection":[{"href":"https:\/\/www.ocmritarikunta.fi\/index.php\/wp-json\/wp\/v2\/pages"}],"about":[{"href":"https:\/\/www.ocmritarikunta.fi\/index.php\/wp-json\/wp\/v2\/types\/page"}],"author":[{"embeddable":true,"href":"https:\/\/www.ocmritarikunta.fi\/index.php\/wp-json\/wp\/v2\/users\/1"}],"replies":[{"embeddable":true,"href":"https:\/\/www.ocmritarikunta.fi\/index.php\/wp-json\/wp\/v2\/comments?post=77"}],"version-history":[{"count":2,"href":"https:\/\/www.ocmritarikunta.fi\/index.php\/wp-json\/wp\/v2\/pages\/77\/revisions"}],"predecessor-version":[{"id":155,"href":"https:\/\/www.ocmritarikunta.fi\/index.php\/wp-json\/wp\/v2\/pages\/77\/revisions\/155"}],"up":[{"embeddable":true,"href":"https:\/\/www.ocmritarikunta.fi\/index.php\/wp-json\/wp\/v2\/pages\/73"}],"wp:attachment":[{"href":"https:\/\/www.ocmritarikunta.fi\/index.php\/wp-json\/wp\/v2\/media?parent=77"}],"curies":[{"name":"wp","href":"https:\/\/api.w.org\/{rel}","templated":true}]}}