{"id":75,"date":"2021-10-28T11:14:10","date_gmt":"2021-10-28T11:14:10","guid":{"rendered":"http:\/\/www.ocmritarikunta.fi\/?page_id=75"},"modified":"2023-02-16T14:50:53","modified_gmt":"2023-02-16T14:50:53","slug":"jasenyys","status":"publish","type":"page","link":"https:\/\/www.ocmritarikunta.fi\/index.php\/ritarikunta\/ritarius\/jasenyys\/","title":{"rendered":"J\u00e4senyys"},"content":{"rendered":"\n<p>J\u00e4senehdokkailta edellytet\u00e4\u00e4n kristillist\u00e4 ja ekumeenista vakaumusta ja halua auttaa v\u00e4h\u00e4osaisia ja k\u00e4rsivi\u00e4 omalla panoksellaan mm. j\u00e4senmaksuilla. Ritarius kanssaihmisi\u00e4 kohtaan koetaan t\u00e4rke\u00e4ksi. J\u00e4seneksi tulo edellytt\u00e4\u00e4 kahden ritarikunnan j\u00e4senen suositusta, jonka eksarkki vahvistaa.<\/p>\n\n\n\n<p>Ehdokkaan t\u00e4ytt\u00e4ess\u00e4 j\u00e4senyydelle asetetut vaatimukset kutsuu suurmestari ehdokkaan OCM-ritarikunnan j\u00e4seneksi. J\u00e4senyytt\u00e4 ei voi hakea. J\u00e4senyys on periaatteessa elinik\u00e4inen.<\/p>\n","protected":false},"excerpt":{"rendered":"<p>J\u00e4senehdokkailta edellytet\u00e4\u00e4n kristillist\u00e4 ja ekumeenista vakaumusta ja halua auttaa v\u00e4h\u00e4osaisia ja k\u00e4rsivi\u00e4 omalla panoksellaan mm. j\u00e4senmaksuilla. Ritarius kanssaihmisi\u00e4 kohtaan koetaan t\u00e4rke\u00e4ksi. J\u00e4seneksi tulo edellytt\u00e4\u00e4 kahden ritarikunnan j\u00e4senen suositusta, jonka eksarkki vahvistaa. Ehdokkaan t\u00e4ytt\u00e4ess\u00e4 j\u00e4senyydelle asetetut vaatimukset kutsuu suurmestari ehdokkaan OCM-ritarikunnan j\u00e4seneksi. J\u00e4senyytt\u00e4 ei voi hakea. J\u00e4senyys on periaatteessa elinik\u00e4inen.<\/p>\n","protected":false},"author":1,"featured_media":0,"parent":73,"menu_order":0,"comment_status":"closed","ping_status":"closed","template":"","meta":{"footnotes":""},"class_list":["post-75","page","type-page","status-publish","hentry"],"_links":{"self":[{"href":"https:\/\/www.ocmritarikunta.fi\/index.php\/wp-json\/wp\/v2\/pages\/75","targetHints":{"allow":["GET"]}}],"collection":[{"href":"https:\/\/www.ocmritarikunta.fi\/index.php\/wp-json\/wp\/v2\/pages"}],"about":[{"href":"https:\/\/www.ocmritarikunta.fi\/index.php\/wp-json\/wp\/v2\/types\/page"}],"author":[{"embeddable":true,"href":"https:\/\/www.ocmritarikunta.fi\/index.php\/wp-json\/wp\/v2\/users\/1"}],"replies":[{"embeddable":true,"href":"https:\/\/www.ocmritarikunta.fi\/index.php\/wp-json\/wp\/v2\/comments?post=75"}],"version-history":[{"count":3,"href":"https:\/\/www.ocmritarikunta.fi\/index.php\/wp-json\/wp\/v2\/pages\/75\/revisions"}],"predecessor-version":[{"id":369,"href":"https:\/\/www.ocmritarikunta.fi\/index.php\/wp-json\/wp\/v2\/pages\/75\/revisions\/369"}],"up":[{"embeddable":true,"href":"https:\/\/www.ocmritarikunta.fi\/index.php\/wp-json\/wp\/v2\/pages\/73"}],"wp:attachment":[{"href":"https:\/\/www.ocmritarikunta.fi\/index.php\/wp-json\/wp\/v2\/media?parent=75"}],"curies":[{"name":"wp","href":"https:\/\/api.w.org\/{rel}","templated":true}]}}