{"id":71,"date":"2021-10-28T11:13:27","date_gmt":"2021-10-28T11:13:27","guid":{"rendered":"http:\/\/www.ocmritarikunta.fi\/?page_id=71"},"modified":"2021-10-28T13:25:58","modified_gmt":"2021-10-28T13:25:58","slug":"konstantinus-suuri","status":"publish","type":"page","link":"https:\/\/www.ocmritarikunta.fi\/index.php\/ritarikunta\/konstantinus-suuri\/","title":{"rendered":"Konstantinus Suuri"},"content":{"rendered":"\n<p>Ritarikunnan tunnushenkil\u00f6 ja esikuva on Konstantinus Suuri (275 \u2013 337 j.Kr.) H\u00e4n lis\u00e4si yst\u00e4v\u00e4llisyyden ja suvaitsevaisuuden ns. platonisiin hyveisiin, urhoollisuus, oikeudenmukaisuus, kohtuullisuus ja viisaus. Milanon suvaitsevaisuusedikti vuodelta 313 j.Kr. antoi kirkolle laillisen ja turvatun uskon vapauden.<\/p>\n","protected":false},"excerpt":{"rendered":"<p>Ritarikunnan tunnushenkil\u00f6 ja esikuva on Konstantinus Suuri (275 \u2013 337 j.Kr.) H\u00e4n lis\u00e4si yst\u00e4v\u00e4llisyyden ja suvaitsevaisuuden ns. platonisiin hyveisiin, urhoollisuus, oikeudenmukaisuus, kohtuullisuus ja viisaus. Milanon suvaitsevaisuusedikti vuodelta 313 j.Kr. antoi kirkolle laillisen ja turvatun uskon vapauden.<\/p>\n","protected":false},"author":1,"featured_media":0,"parent":12,"menu_order":0,"comment_status":"closed","ping_status":"closed","template":"","meta":{"footnotes":""},"class_list":["post-71","page","type-page","status-publish","hentry"],"_links":{"self":[{"href":"https:\/\/www.ocmritarikunta.fi\/index.php\/wp-json\/wp\/v2\/pages\/71","targetHints":{"allow":["GET"]}}],"collection":[{"href":"https:\/\/www.ocmritarikunta.fi\/index.php\/wp-json\/wp\/v2\/pages"}],"about":[{"href":"https:\/\/www.ocmritarikunta.fi\/index.php\/wp-json\/wp\/v2\/types\/page"}],"author":[{"embeddable":true,"href":"https:\/\/www.ocmritarikunta.fi\/index.php\/wp-json\/wp\/v2\/users\/1"}],"replies":[{"embeddable":true,"href":"https:\/\/www.ocmritarikunta.fi\/index.php\/wp-json\/wp\/v2\/comments?post=71"}],"version-history":[{"count":2,"href":"https:\/\/www.ocmritarikunta.fi\/index.php\/wp-json\/wp\/v2\/pages\/71\/revisions"}],"predecessor-version":[{"id":144,"href":"https:\/\/www.ocmritarikunta.fi\/index.php\/wp-json\/wp\/v2\/pages\/71\/revisions\/144"}],"up":[{"embeddable":true,"href":"https:\/\/www.ocmritarikunta.fi\/index.php\/wp-json\/wp\/v2\/pages\/12"}],"wp:attachment":[{"href":"https:\/\/www.ocmritarikunta.fi\/index.php\/wp-json\/wp\/v2\/media?parent=71"}],"curies":[{"name":"wp","href":"https:\/\/api.w.org\/{rel}","templated":true}]}}