{"id":14,"date":"2021-06-09T08:01:15","date_gmt":"2021-06-09T08:01:15","guid":{"rendered":"http:\/\/www.ocmritarikunta.fi\/?page_id=14"},"modified":"2025-05-23T13:49:02","modified_gmt":"2025-05-23T13:49:02","slug":"organisaatio","status":"publish","type":"page","link":"https:\/\/www.ocmritarikunta.fi\/index.php\/organisaatio\/","title":{"rendered":"Organisaatio"},"content":{"rendered":"\n<p>Ritarikunnan toiminnan perusty\u00f6 tapahtuu alueellisissa komturioissa. Komturiassa tulee olla v\u00e4hint\u00e4\u00e4n kymmenen j\u00e4sent\u00e4. Uuden komturian perustamisen j\u00e4lkeen, maahan muodostuu eksarkaatti eli komturioiden yhteistoimintaorganisaatio<\/p>\n\n\n\n<p><strong>Komturia<\/strong>&nbsp; <\/p>\n\n\n\n<ul class=\"wp-block-list\">\n<li>Komtuuri (toimikausi 3 tai 5 vuotta) <\/li>\n<\/ul>\n\n\n\n<ul class=\"wp-block-list\">\n<li>Hallitus<\/li>\n<\/ul>\n\n\n\n<p><strong>Suomen Eksarkaatti<\/strong> <\/p>\n\n\n\n<ul class=\"wp-block-list\">\n<li>Eksarkki (toimikausi 5 vuotta)\n<ul class=\"wp-block-list\">\n<li>Erkko Kajander<\/li>\n<\/ul>\n<\/li>\n<\/ul>\n\n\n\n<ul class=\"wp-block-list\">\n<li>Eksarkaattineuvosto<\/li>\n\n\n\n<li>Neuvosto j\u00e4senin\u00e4 ovat komturioiden komtuurit (puheenjohtajat) <\/li>\n\n\n\n<li>Suomessa rekister\u00f6ity yhdistys<\/li>\n<\/ul>\n\n\n\n<p><strong>Kansainv\u00e4linen hallitus<\/strong> <\/p>\n\n\n\n<ul class=\"wp-block-list\">\n<li>Kansleri (toimikausi 5 vuotta)\n<ul class=\"wp-block-list\">\n<li> Toivo Salmi<\/li>\n<\/ul>\n<\/li>\n<\/ul>\n\n\n\n<ul class=\"wp-block-list\">\n<li>Hallitus <\/li>\n<\/ul>\n\n\n\n<ul class=\"wp-block-list\">\n<li>Constitutio<\/li>\n<\/ul>\n\n\n\n<p><strong>&nbsp;Ritarineuvosto&nbsp; <\/strong><\/p>\n\n\n\n<ul class=\"wp-block-list\">\n<li>Puheenjohtaja\n<ul class=\"wp-block-list\">\n<li>Leif Syrstad<\/li>\n<\/ul>\n<\/li>\n<\/ul>\n\n\n\n<ul class=\"wp-block-list\">\n<li>Neuvoston j\u00e4senet (7 + 30) <\/li>\n<\/ul>\n\n\n\n<ul class=\"wp-block-list\">\n<li>Hyv\u00e4ksyy talousarvion ja tilinp\u00e4\u00e4t\u00f6ksen<\/li>\n<\/ul>\n\n\n\n<p><strong>Arkonttineuvosto<\/strong><\/p>\n\n\n\n<ul class=\"wp-block-list\">\n<li>Konsultatiivinen neuvosto<\/li>\n<\/ul>\n\n\n\n<p><strong>Varasuurmestari<\/strong><\/p>\n\n\n\n<p><strong>Suurmestari<\/strong> <\/p>\n\n\n\n<ul class=\"wp-block-list\">\n<li>Beaufort-Spontinin prinssi Friedrich <\/li>\n<\/ul>\n\n\n\n<ul class=\"wp-block-list\">\n<li>P\u00e4\u00e4tt\u00e4\u00e4 mm. henkil\u00f6valinnoista<\/li>\n<\/ul>\n\n\n\n<p><strong>Suurl\u00e4hettil\u00e4s<\/strong><\/p>\n\n\n\n<ul class=\"wp-block-list\">\n<li>Vassillios Yannakakos<\/li>\n<\/ul>\n\n\n\n<p><strong>&nbsp;Suojelija<\/strong><\/p>\n\n\n\n<ul class=\"wp-block-list\">\n<li>Theodoros II, Aleksandrian ja koko Afrikan Paavi ja Patriarkka <\/li>\n<\/ul>\n","protected":false},"excerpt":{"rendered":"<p>Ritarikunnan toiminnan perusty\u00f6 tapahtuu alueellisissa komturioissa. Komturiassa tulee olla v\u00e4hint\u00e4\u00e4n kymmenen j\u00e4sent\u00e4. Uuden komturian perustamisen j\u00e4lkeen, maahan muodostuu eksarkaatti eli komturioiden yhteistoimintaorganisaatio Komturia&nbsp; Suomen Eksarkaatti Kansainv\u00e4linen hallitus &nbsp;Ritarineuvosto&nbsp; Arkonttineuvosto Varasuurmestari Suurmestari Suurl\u00e4hettil\u00e4s &nbsp;Suojelija<\/p>\n","protected":false},"author":1,"featured_media":0,"parent":0,"menu_order":0,"comment_status":"closed","ping_status":"closed","template":"","meta":{"footnotes":""},"class_list":["post-14","page","type-page","status-publish","hentry"],"_links":{"self":[{"href":"https:\/\/www.ocmritarikunta.fi\/index.php\/wp-json\/wp\/v2\/pages\/14","targetHints":{"allow":["GET"]}}],"collection":[{"href":"https:\/\/www.ocmritarikunta.fi\/index.php\/wp-json\/wp\/v2\/pages"}],"about":[{"href":"https:\/\/www.ocmritarikunta.fi\/index.php\/wp-json\/wp\/v2\/types\/page"}],"author":[{"embeddable":true,"href":"https:\/\/www.ocmritarikunta.fi\/index.php\/wp-json\/wp\/v2\/users\/1"}],"replies":[{"embeddable":true,"href":"https:\/\/www.ocmritarikunta.fi\/index.php\/wp-json\/wp\/v2\/comments?post=14"}],"version-history":[{"count":7,"href":"https:\/\/www.ocmritarikunta.fi\/index.php\/wp-json\/wp\/v2\/pages\/14\/revisions"}],"predecessor-version":[{"id":526,"href":"https:\/\/www.ocmritarikunta.fi\/index.php\/wp-json\/wp\/v2\/pages\/14\/revisions\/526"}],"wp:attachment":[{"href":"https:\/\/www.ocmritarikunta.fi\/index.php\/wp-json\/wp\/v2\/media?parent=14"}],"curies":[{"name":"wp","href":"https:\/\/api.w.org\/{rel}","templated":true}]}}