{"id":107,"date":"2021-10-28T11:20:05","date_gmt":"2021-10-28T11:20:05","guid":{"rendered":"http:\/\/www.ocmritarikunta.fi\/?page_id=107"},"modified":"2025-05-23T13:44:52","modified_gmt":"2025-05-23T13:44:52","slug":"komturiat","status":"publish","type":"page","link":"https:\/\/www.ocmritarikunta.fi\/index.php\/organisaatio\/komturiat\/","title":{"rendered":"Komturiat"},"content":{"rendered":"\n<p>Ritarikunnan toiminta on alkanut Suomessa vuonna 1959. Toiminta tapahtuu paikallisissa komturioissa, joita on t\u00e4ll\u00e4 hetkell\u00e4 kymmenen. Toiminta maassa alkaa yleens\u00e4 yhdell\u00e4 komturialla. Komturian j\u00e4senm\u00e4\u00e4r\u00e4 on v\u00e4hit\u00e4\u00e4n 10 henkil\u00f6\u00e4. Kun maahan perustetaan uusi komturia, niin silloin muodostuu Eksarkaatti, joka on komturioiden yhteistoimintaelin. Suomeen eksarkaatti syntyi, kun OCM &#8211; Varsinais-Suomi ry perustettiin vuonna 1978<\/p>\n\n\n\n<p><strong>Eksarkaatin j\u00e4senyhdistykset:<\/strong><\/p>\n\n\n\n<p>Helsingin Konstantinusyhdistys ry                                1960<\/p>\n\n\n\n<p>OCM &#8211; Varsinais-Suomi ry                                             1978<\/p>\n\n\n\n<p>Pohjois-Suomen Konstantinus yhdistys ry                    1982<\/p>\n\n\n\n<p>Constantin den Stores F\u00f6rening p\u00e5 \u00c5land rf                 1986<\/p>\n\n\n\n<p>It\u00e4-Suomen Konstantinus Yhdistys ry                            1988<\/p>\n\n\n\n<p>H\u00e4meen Konstantinus Yhdistys ry                                  1990<\/p>\n\n\n\n<p>P\u00e4ij\u00e4t-H\u00e4meen Konstantinus Yhdistys ry                        1991<\/p>\n\n\n\n<p>Pirkanmaan Konstantinus Yhdistys ry                             1997&nbsp;&nbsp;&nbsp;&nbsp;&nbsp;&nbsp;&nbsp;&nbsp;&nbsp;&nbsp;&nbsp;&nbsp;&nbsp;&nbsp;&nbsp;&nbsp;&nbsp;&nbsp;&nbsp;&nbsp;&nbsp;&nbsp;&nbsp;&nbsp;&nbsp;&nbsp;&nbsp;&nbsp;&nbsp;&nbsp;&nbsp;&nbsp;&nbsp;&nbsp;&nbsp;&nbsp;&nbsp;&nbsp;&nbsp;&nbsp;&nbsp;&nbsp;<\/p>\n\n\n\n<p>Suomenlahden Konstantinus Yhdistys ry                        1997<\/p>\n\n\n\n<p>Pohjanmaan Konstantinus Yhdistys ry                             2004<\/p>\n","protected":false},"excerpt":{"rendered":"<p>Ritarikunnan toiminta on alkanut Suomessa vuonna 1959. Toiminta tapahtuu paikallisissa komturioissa, joita on t\u00e4ll\u00e4 hetkell\u00e4 kymmenen. Toiminta maassa alkaa yleens\u00e4 yhdell\u00e4 komturialla. Komturian j\u00e4senm\u00e4\u00e4r\u00e4 on v\u00e4hit\u00e4\u00e4n 10 henkil\u00f6\u00e4. Kun maahan perustetaan uusi komturia, niin silloin muodostuu Eksarkaatti, joka on komturioiden yhteistoimintaelin. Suomeen eksarkaatti syntyi, kun OCM &#8211; Varsinais-Suomi ry perustettiin vuonna 1978 Eksarkaatin j\u00e4senyhdistykset: Helsingin [&hellip;]<\/p>\n","protected":false},"author":1,"featured_media":0,"parent":14,"menu_order":0,"comment_status":"closed","ping_status":"closed","template":"","meta":{"footnotes":""},"class_list":["post-107","page","type-page","status-publish","hentry"],"_links":{"self":[{"href":"https:\/\/www.ocmritarikunta.fi\/index.php\/wp-json\/wp\/v2\/pages\/107","targetHints":{"allow":["GET"]}}],"collection":[{"href":"https:\/\/www.ocmritarikunta.fi\/index.php\/wp-json\/wp\/v2\/pages"}],"about":[{"href":"https:\/\/www.ocmritarikunta.fi\/index.php\/wp-json\/wp\/v2\/types\/page"}],"author":[{"embeddable":true,"href":"https:\/\/www.ocmritarikunta.fi\/index.php\/wp-json\/wp\/v2\/users\/1"}],"replies":[{"embeddable":true,"href":"https:\/\/www.ocmritarikunta.fi\/index.php\/wp-json\/wp\/v2\/comments?post=107"}],"version-history":[{"count":6,"href":"https:\/\/www.ocmritarikunta.fi\/index.php\/wp-json\/wp\/v2\/pages\/107\/revisions"}],"predecessor-version":[{"id":524,"href":"https:\/\/www.ocmritarikunta.fi\/index.php\/wp-json\/wp\/v2\/pages\/107\/revisions\/524"}],"up":[{"embeddable":true,"href":"https:\/\/www.ocmritarikunta.fi\/index.php\/wp-json\/wp\/v2\/pages\/14"}],"wp:attachment":[{"href":"https:\/\/www.ocmritarikunta.fi\/index.php\/wp-json\/wp\/v2\/media?parent=107"}],"curies":[{"name":"wp","href":"https:\/\/api.w.org\/{rel}","templated":true}]}}